{"id":299,"date":"2022-05-27T10:26:49","date_gmt":"2022-05-27T08:26:49","guid":{"rendered":"https:\/\/www.saldema.com\/?page_id=299"},"modified":"2022-05-27T10:45:09","modified_gmt":"2022-05-27T08:45:09","slug":"cookie-policy","status":"publish","type":"page","link":"https:\/\/www.saldema.com\/index.php\/cookie-policy\/","title":{"rendered":"Cookie Policy"},"content":{"rendered":"<h1>Cookie Policy<\/h1>\n<p>Questo sito web utilizza cookies di profilazione, anche di terze parti, per mostrarti messaggi pubblicitari in linea con le tue preferenze, volte a migliorare la tua esperienza di navigazione. Continuando a navigare questo sito si considera accettato l\u2019utilizzo dei cookies.<\/p>\n<p>COSA SONO I COOKIES?<br \/>\nI cookies sono stringhe di testo di piccole dimensioni conservate nel tuo browser quando si visitano determinate pagine su internet. Per ordinare prodotti su www.saldema.com, \u00e8 consigliabile che i cookies siano abilitati. Se non vuoi accettare i cookies, potrai comunque navigare sul sito, ma alcune funzionalit\u00e0 dello stesso potrebbero essere disabilitate. Nella maggior parte dei browser i cookies sono abilitati di default, in questa pagina troverai le informazioni necessarie per modificare le impostazioni dei cookies sul tuo browser. I cookies non sono in alcun modo dannosi per il tuo device. Nei cookies che generiamo, non vengono conservate informazioni identificative personali, quali ad esempio dettagli sulle carte di credito, ma usiamo informazioni criptate volte a migliorare la vostra permanenza sul sito. Per esempio, sono utili per identificare e risolvere errori, oppure per determinare prodotti correlati rilevanti da mostrare al visitatore durante la navigazione. I cookies possono essere utili, ad esempio, per permettervi di navigare fra le varie pagine in modo efficiente, ricordando le vostre preferenze e in generale possono migliorare la permanenza dell\u2019utente sul sito stesso. www.saldema.com si riserva il diritto di utilizzare i cookies con il consenso dell\u2019utente, in linea con quanto stabilito dalla legge e dai regolamenti applicabili, per facilitare la navigazione sul sito e personalizzare le informazioni che si visualizzano. www.saldema.com si riserva inoltre il diritto di usare per fini statistici o di sicurezza, sistemi simili per raccogliere informazioni sugli utenti del sito (ad esempio indirizzo IP, tipo di browser, sistema operativo, pagine web visitate da un utente). Di seguito dettaglio di come su www.saldema.com vengono utilizzati i cookies e strumenti simili.<\/p>\n<p>COOKIES DI NAVIGAZIONE<br \/>\nI cookies di navigazione sono fondamentali per permettervi di muovervi all\u2019interno del sito e per usarne tutte le funzionalit\u00e0. Senza questi cookies non possono essere forniti i servizi richiesti, come ad esempio il carrello per procedere con l\u2019acquisto o l\u2019e-billing. I cookies di navigazione sono in questo senso necessari in quanto sono utilizzati per memorizzare un identificatore univoco per la gestione e identificazione di un utente in quanto unico rispetto agli altri utenti che nello stesso momento stanno visitando il sito. Esempi di \u201ceventi\u201d per cui \u00e8 necessario l\u2019utilizzo dei cookies di navigazione:<\/p>\n<p>\u2013 Il ricordo di precedenti azioni, nel caso in cui si svolga la navigazione a ritroso nell\u2019arco della stessa sessione<br \/>\n\u2013 Gestione e passaggio di token di sicurezza ai vari servizi erogati all\u2019interno dello stesso sito per identificare, ad esempio, lo status del visitatore (registrato, non registrato)<br \/>\n\u2013 Navigazione dell\u2019area riservata del sito<br \/>\n\u2013 Instradamento dei clienti verso specifiche versioni\/applicazioni di un servizio<\/p>\n<p>PERFORMANCE COOKIES<br \/>\nQuesti cookies possono essere gestiti direttamente da www.saldema.com o da partner di terza parte. I performance cookies possono essere di sessione o persistenti e il loro utilizzo \u00e8 limitato alla performance e al miglioramento del sito internet. Questi cookies raccolgono informazioni su come un visitatore usa il sito (esempio: pagine visitate). Questi cookies non raccolgono in nessun caso informazioni volte all\u2019identificazione dell\u2019utente. Tutte le informazioni raccolte da questi cookies sono aggregate in forma anonima e sono utilizzate ai fini del miglioramento delle funzionalit\u00e0 del sito, tra cui Web Analytics, sistemi di affiliation, gestione degli errori, A\/B test o multitest.<\/p>\n<p>COOKIES FUNZIONALI<br \/>\nQuesti cookies possono essere di propriet\u00e0 di www.saldema.com o di eventuali partner. Questi cookies sono relativi ad azioni compiute dagli utenti sul sito. Possono essere utilizzati, ad esempio, per evitare di offrire per la seconda volta ad un utente un servizio in precedenza offerto e rifiutato. I cookies funzionali permettono agli utenti di un sito di ricordare le scelte dell\u2019utente, tra cui nome utente, lingua, paese di origine, etc. Le informazioni raccolte da questi cookies sono anonime e non possono tracciare il comportamento dell\u2019utente su altri siti. I cookies funzionali sono indispensabili per permettere al sito di ricordare le impostazioni che un utente ha applicato a un sito internet quali ad esempio layout, dimensione del font, preferenze, colore etc; ricordare una scelta di modo che non venga pi\u00f9 richiesta la compilazione di un questionario, rilevare se un servizio \u00e8 gi\u00e0 stato offerto ecc\u2026<\/p>\n<p>COOKIE DI TERZE PARTI PER MARKETING\/RETARGETING<br \/>\nQuesti cookie sono utilizzati da partner di www.saldema.com al fine di presentare banner pubblicitari di www.saldema.com all\u2019interno di altri siti. Mentre navighi su www.saldema.com, questi stessi cookie sono utilizzati anche per mostrarti prodotti che potrebbero interessarti o simili a quelli che hai guardato in precedenza, basandosi sulla tua cronologia di navigazione. L\u2019uso di questi cookie pu\u00f2 permettere la connessione al tuo computer o ad altri dispositivi e rintracciare i dati salvati: questi cookie si connettono al browser installato sul tuo computer o su altri dispositivi utilizzati durante la navigazione sul nostro sito.<\/p>\n<p>COME POSSO DISABILITARE I COOKIES?<br \/>\nLa maggior parte dei browser accettano i cookies automaticamente, ma si pu\u00f2 anche scegliere di non accettarli. Ci\u00f2 potrebbe impedire di muoversi liberamente da una pagina all\u2019altra e di fruire di tutte le peculiarit\u00e0 del sito. Se non desiderate che il vostro computer riceva e memorizzi cookies, potete modificare le impostazioni di sicurezza del vostro browser (Internet Explorer, Google Chrome, Safari etc.). In ogni caso, parti del nostro Sito possono essere utilizzate nella loro pienezza solo se il vostro browser accetta i cookies (ad esempio le funzioni di aggiunta al carrello e acquisto). Di seguito si riportano brevi istruzioni su come effettuare questa operazione nei quattro browser pi\u00f9 diffusi:<\/p>\n<p>\u2013 Microsoft Internet Explorer: Cliccare l\u2019icona \u2018Strumenti\u2019 nell\u2019angolo in alto a destra e selezionare \u2018Opzioni internet\u2019. Nella finestra pop up selezionare \u2018Privacy\u2019. Qui potrete regolare le impostazioni dei vostri cookies.<\/p>\n<p>\u2013 Google Chrome: Cliccare la chiave inglese nell\u2019angolo in alto a destra e selezionare \u2018Impostazioni\u2019. A questo punto selezionare \u2018Mostra impostazioni avanzate\u2019 e cambiare le impostazioni della \u2018Privacy\u2019.<\/p>\n<p>\u2013 Mozilla Firefox: Dal menu a tendina nell\u2019angolo in alto a sinistra selezionare \u2018Opzioni\u2019. Nella finestra di pop up selezionare \u2018Privacy\u2019. Qui potrete regolare le impostazioni dei vostri cookies.<\/p>\n<p>\u2013 Safari: Dal menu di impostazione a tendina nell\u2019angolo in alto a destra selezionare \u2018Preferenze\u2019. Selezionare \u2018Sicurezza\u2019 e qui potrete regolare le impostazioni dei vostri cookies.<\/p>\n<p>Per saperne di pi\u00f9 riguardo ai cookie e come gestire o disabilitare quelli di terze parti o di marketing\/retargeting, visita www.youronlinechoices.com. Per disabilitare i cookie analitici e per impedire a Google Analytics di raccogliere dati sulla tua navigazione, puoi scaricare il Componente aggiuntivo del browser per la disattivazione di Google Analytics: https:\/\/tools.google.com\/dlpage\/gaoptout.<\/p>\n","protected":false},"excerpt":{"rendered":"<p>Cookie Policy Questo sito web utilizza cookies di profilazione, anche di terze parti, per mostrarti messaggi pubblicitari in linea con le tue preferenze, volte a migliorare la tua esperienza di&#8230;<\/p>\n","protected":false},"author":1,"featured_media":0,"parent":0,"menu_order":0,"comment_status":"closed","ping_status":"closed","template":"","meta":{"footnotes":""},"yoast_head":"<!-- This site is optimized with the Yoast SEO plugin v22.4 - https:\/\/yoast.com\/wordpress\/plugins\/seo\/ -->\r\n<title>Cookie Policy - Saldema<\/title>\r\n<meta name=\"description\" content=\"Entra e leggi la nostra cookie policy\" \/>\r\n<meta name=\"robots\" content=\"index, follow, max-snippet:-1, max-image-preview:large, max-video-preview:-1\" \/>\r\n<link rel=\"canonical\" href=\"https:\/\/www.saldema.com\/index.php\/cookie-policy\/\" \/>\r\n<meta property=\"og:locale\" content=\"it_IT\" \/>\r\n<meta property=\"og:type\" content=\"article\" \/>\r\n<meta property=\"og:title\" content=\"Cookie Policy - Saldema\" \/>\r\n<meta property=\"og:description\" content=\"Entra e leggi la nostra cookie policy\" \/>\r\n<meta property=\"og:url\" content=\"https:\/\/www.saldema.com\/index.php\/cookie-policy\/\" \/>\r\n<meta property=\"og:site_name\" content=\"Saldema\" \/>\r\n<meta property=\"article:modified_time\" content=\"2022-05-27T08:45:09+00:00\" \/>\r\n<meta name=\"twitter:card\" content=\"summary_large_image\" \/>\r\n<meta name=\"twitter:label1\" content=\"Tempo di lettura stimato\" \/>\n\t<meta name=\"twitter:data1\" content=\"6 minuti\" \/>\r\n<script type=\"application\/ld+json\" class=\"yoast-schema-graph\">{\"@context\":\"https:\/\/schema.org\",\"@graph\":[{\"@type\":\"WebPage\",\"@id\":\"https:\/\/www.saldema.com\/index.php\/cookie-policy\/\",\"url\":\"https:\/\/www.saldema.com\/index.php\/cookie-policy\/\",\"name\":\"Cookie Policy - Saldema\",\"isPartOf\":{\"@id\":\"https:\/\/www.saldema.com\/#website\"},\"datePublished\":\"2022-05-27T08:26:49+00:00\",\"dateModified\":\"2022-05-27T08:45:09+00:00\",\"description\":\"Entra e leggi la nostra cookie policy\",\"breadcrumb\":{\"@id\":\"https:\/\/www.saldema.com\/index.php\/cookie-policy\/#breadcrumb\"},\"inLanguage\":\"it-IT\",\"potentialAction\":[{\"@type\":\"ReadAction\",\"target\":[\"https:\/\/www.saldema.com\/index.php\/cookie-policy\/\"]}]},{\"@type\":\"BreadcrumbList\",\"@id\":\"https:\/\/www.saldema.com\/index.php\/cookie-policy\/#breadcrumb\",\"itemListElement\":[{\"@type\":\"ListItem\",\"position\":1,\"name\":\"Home\",\"item\":\"https:\/\/www.saldema.com\/\"},{\"@type\":\"ListItem\",\"position\":2,\"name\":\"Cookie Policy\"}]},{\"@type\":\"WebSite\",\"@id\":\"https:\/\/www.saldema.com\/#website\",\"url\":\"https:\/\/www.saldema.com\/\",\"name\":\"Saldema\",\"description\":\"Professionisti della Carpenteria\",\"publisher\":{\"@id\":\"https:\/\/www.saldema.com\/#organization\"},\"potentialAction\":[{\"@type\":\"SearchAction\",\"target\":{\"@type\":\"EntryPoint\",\"urlTemplate\":\"https:\/\/www.saldema.com\/?s={search_term_string}\"},\"query-input\":\"required name=search_term_string\"}],\"inLanguage\":\"it-IT\"},{\"@type\":\"Organization\",\"@id\":\"https:\/\/www.saldema.com\/#organization\",\"name\":\"Saldema s.r.l.\",\"url\":\"https:\/\/www.saldema.com\/\",\"logo\":{\"@type\":\"ImageObject\",\"inLanguage\":\"it-IT\",\"@id\":\"https:\/\/www.saldema.com\/#\/schema\/logo\/image\/\",\"url\":\"https:\/\/www.saldema.com\/wp-content\/uploads\/2022\/05\/logo-saldema.png\",\"contentUrl\":\"https:\/\/www.saldema.com\/wp-content\/uploads\/2022\/05\/logo-saldema.png\",\"width\":1732,\"height\":378,\"caption\":\"Saldema s.r.l.\"},\"image\":{\"@id\":\"https:\/\/www.saldema.com\/#\/schema\/logo\/image\/\"}}]}<\/script>\r\n<!-- \/ Yoast SEO plugin. -->","yoast_head_json":{"title":"Cookie Policy - Saldema","description":"Entra e leggi la nostra cookie policy","robots":{"index":"index","follow":"follow","max-snippet":"max-snippet:-1","max-image-preview":"max-image-preview:large","max-video-preview":"max-video-preview:-1"},"canonical":"https:\/\/www.saldema.com\/index.php\/cookie-policy\/","og_locale":"it_IT","og_type":"article","og_title":"Cookie Policy - Saldema","og_description":"Entra e leggi la nostra cookie policy","og_url":"https:\/\/www.saldema.com\/index.php\/cookie-policy\/","og_site_name":"Saldema","article_modified_time":"2022-05-27T08:45:09+00:00","twitter_card":"summary_large_image","twitter_misc":{"Tempo di lettura stimato":"6 minuti"},"schema":{"@context":"https:\/\/schema.org","@graph":[{"@type":"WebPage","@id":"https:\/\/www.saldema.com\/index.php\/cookie-policy\/","url":"https:\/\/www.saldema.com\/index.php\/cookie-policy\/","name":"Cookie Policy - Saldema","isPartOf":{"@id":"https:\/\/www.saldema.com\/#website"},"datePublished":"2022-05-27T08:26:49+00:00","dateModified":"2022-05-27T08:45:09+00:00","description":"Entra e leggi la nostra cookie policy","breadcrumb":{"@id":"https:\/\/www.saldema.com\/index.php\/cookie-policy\/#breadcrumb"},"inLanguage":"it-IT","potentialAction":[{"@type":"ReadAction","target":["https:\/\/www.saldema.com\/index.php\/cookie-policy\/"]}]},{"@type":"BreadcrumbList","@id":"https:\/\/www.saldema.com\/index.php\/cookie-policy\/#breadcrumb","itemListElement":[{"@type":"ListItem","position":1,"name":"Home","item":"https:\/\/www.saldema.com\/"},{"@type":"ListItem","position":2,"name":"Cookie Policy"}]},{"@type":"WebSite","@id":"https:\/\/www.saldema.com\/#website","url":"https:\/\/www.saldema.com\/","name":"Saldema","description":"Professionisti della Carpenteria","publisher":{"@id":"https:\/\/www.saldema.com\/#organization"},"potentialAction":[{"@type":"SearchAction","target":{"@type":"EntryPoint","urlTemplate":"https:\/\/www.saldema.com\/?s={search_term_string}"},"query-input":"required name=search_term_string"}],"inLanguage":"it-IT"},{"@type":"Organization","@id":"https:\/\/www.saldema.com\/#organization","name":"Saldema s.r.l.","url":"https:\/\/www.saldema.com\/","logo":{"@type":"ImageObject","inLanguage":"it-IT","@id":"https:\/\/www.saldema.com\/#\/schema\/logo\/image\/","url":"https:\/\/www.saldema.com\/wp-content\/uploads\/2022\/05\/logo-saldema.png","contentUrl":"https:\/\/www.saldema.com\/wp-content\/uploads\/2022\/05\/logo-saldema.png","width":1732,"height":378,"caption":"Saldema s.r.l."},"image":{"@id":"https:\/\/www.saldema.com\/#\/schema\/logo\/image\/"}}]}},"_links":{"self":[{"href":"https:\/\/www.saldema.com\/index.php\/wp-json\/wp\/v2\/pages\/299"}],"collection":[{"href":"https:\/\/www.saldema.com\/index.php\/wp-json\/wp\/v2\/pages"}],"about":[{"href":"https:\/\/www.saldema.com\/index.php\/wp-json\/wp\/v2\/types\/page"}],"author":[{"embeddable":true,"href":"https:\/\/www.saldema.com\/index.php\/wp-json\/wp\/v2\/users\/1"}],"replies":[{"embeddable":true,"href":"https:\/\/www.saldema.com\/index.php\/wp-json\/wp\/v2\/comments?post=299"}],"version-history":[{"count":2,"href":"https:\/\/www.saldema.com\/index.php\/wp-json\/wp\/v2\/pages\/299\/revisions"}],"predecessor-version":[{"id":302,"href":"https:\/\/www.saldema.com\/index.php\/wp-json\/wp\/v2\/pages\/299\/revisions\/302"}],"wp:attachment":[{"href":"https:\/\/www.saldema.com\/index.php\/wp-json\/wp\/v2\/media?parent=299"}],"curies":[{"name":"wp","href":"https:\/\/api.w.org\/{rel}","templated":true}]}}